{"id":65,"date":"2022-11-14T16:33:13","date_gmt":"2022-11-14T15:33:13","guid":{"rendered":"https:\/\/seigerschmid.comline-elektronik.de\/impressum\/"},"modified":"2022-11-17T16:54:31","modified_gmt":"2022-11-17T15:54:31","slug":"impressum","status":"publish","type":"page","link":"https:\/\/seigerschmid.comline-elektronik.de\/de\/impressum\/","title":{"rendered":"Impressum"},"content":{"rendered":"\t\t<div data-elementor-type=\"wp-page\" data-elementor-id=\"65\" class=\"elementor elementor-65\">\n\t\t\t\t\t\t<section class=\"elementor-section elementor-top-section elementor-element elementor-element-2d20f73b elementor-section-boxed elementor-section-height-default elementor-section-height-default\" data-id=\"2d20f73b\" data-element_type=\"section\" data-e-type=\"section\">\n\t\t\t\t\t\t<div class=\"elementor-container elementor-column-gap-default\">\n\t\t\t\t\t<div class=\"elementor-column elementor-col-100 elementor-top-column elementor-element elementor-element-3d336f7\" data-id=\"3d336f7\" data-element_type=\"column\" data-e-type=\"column\">\n\t\t\t<div class=\"elementor-widget-wrap elementor-element-populated\">\n\t\t\t\t\t\t<div class=\"elementor-element elementor-element-46da959 elementor-widget elementor-widget-heading\" data-id=\"46da959\" data-element_type=\"widget\" data-e-type=\"widget\" data-widget_type=\"heading.default\">\n\t\t\t\t<div class=\"elementor-widget-container\">\n\t\t\t\t\t<h1 class=\"elementor-heading-title elementor-size-default\">Impressum<\/h1>\t\t\t\t<\/div>\n\t\t\t\t<\/div>\n\t\t\t\t<div class=\"elementor-element elementor-element-3dae1c69 elementor-widget elementor-widget-text-editor\" data-id=\"3dae1c69\" data-element_type=\"widget\" data-e-type=\"widget\" data-widget_type=\"text-editor.default\">\n\t\t\t\t<div class=\"elementor-widget-container\">\n\t\t\t\t\t\t\t\t\t<h4>Seigerschmid \u2013 kabelov\u00e1 kompletace s.r.o.<\/h4><p>vertreten durch den Gesch\u00e4ftsf\u00fchrer Josef Wiesent<\/p><p>Ostrov 33<br \/>348 02 Bor u Tachova<br \/>Tschechien<\/p><p>Tel: +420 374 627 484<br \/>info@seigerschmid.cz<\/p><p>I\u010cO: 25222376<br \/>DI\u010c: CZ25222376<\/p><p>Verantwortlich f\u00fcr den Inhalt nach \u00a7 55 Abs. 2 RStV: Josef Wiesent (Adresse wie oben)<\/p><div>\u00a0<\/div><h4>Gestaltung der Webseite, Fotos und Text<\/h4><p><a title=\"zweckdesign werbeagentur | fotografie | videoproduktion aus amberg\" href=\"http:\/\/www.zweckdesign.com\" target=\"_blank\" rel=\"noopener\">zweckdesign werbeagentur | fotografie | videoproduktion<\/a><br \/>Sebastianstra\u00dfe 14<br \/>92224 Amberg<\/p><div>\u00a0<\/div><div><div><h4>Rechtliches<\/h4><p><b>Haftung f\u00fcr Inhalte<\/b><br \/>Die Inhalte unserer Seiten wurden mit gr\u00f6\u00dfter Sorgfalt erstellt. F\u00fcr die Richtigkeit, Vollst\u00e4nigkeit und Aktualit\u00e4t der Inhalte k\u00f6nnen wir jedoch keine Gew\u00e4hr \u00fcbernehmen. Als Diensteanbieter sind wir gem\u00e4\u00df \u00a7 7 Abs.1 TMG f\u00fcr eigene Inhalte auf diesen Seiten nach den allgemeinen Gesetzen verantwortlich. Nach \u00a7\u00a7 8 bis 10 TMG sind wir als Diensteanbieter jedoch nicht verpflichtet, \u00fcbermittelte oder gespeicherte fremde Informationen zu \u00fcberwachen oder nach Umst\u00e4nden zu forschen, die auf eine rechtswidrige T\u00e4tigkeit hinweisen. Verpflichtungen zur Entfernung oder Sperrung der Nutzung von Informationen nach den allgemeinen Gesetzen bleiben hiervon unber\u00fchrt. Eine diesbez\u00fcgliche Haftung ist jedoch erst ab dem Zeitpunkt der Kenntnis einer konkreten Rechtsverletzung m\u00f6glich. Bei Bekanntwerden von entsprechenden Rechtsverletzungen werden wir diese Inhalte umgehend entfernen.<\/p><p><b>Haftung f\u00fcr Links<\/b><br \/>Unser Angebot enth\u00e4lt Links zu externen Webseiten Dritter, auf deren Inhalte wir keinen Einfluss haben. Deshalb k\u00f6nnen wir f\u00fcr diese fremden Inhalte auch keine Gew\u00e4hr \u00fcbernehmen. F\u00fcr die Inhalte der verlinkten Seiten ist stets der jeweilige Anbieter oder Betreiber der Seiten verantwortlich. Die verlinkten Seiten wurden zum Zeitpunkt der Verlinkung auf m\u00f6gliche Rechtsverst\u00f6\u00dfe \u00fcberpr\u00fcft. Rechtswidrige Inhalte waren zum Zeitpunkt der Verlinkung nicht erkennbar. Eine permanente inhaltliche Kontrolle der verlinkten Seiten ist jedoch ohne konkrete Anhaltspunkte einer Rechtsverletzung nicht zumutbar. Bei Bekanntwerden von Rechtsverletzungen werden wir derartige Links umgehend entfernen.<\/p><p><b>Urheberrecht<\/b><br \/>Die durch die Seitenbetreiber erstellten Inhalte und Werke auf diesen Seiten unterliegen dem deutschen Urheberrecht. Die Vervielf\u00e4ltigung, Bearbeitung, Verbreitung und jede Art der Verwertung au\u00dferhalb der Grenzen des Urheberrechtes bed\u00fcrfen der schriftlichen Zustimmung des jeweiligen Autors bzw. Erstellers. Downloads und Kopien dieser Seite sind nur f\u00fcr den privaten, nicht kommerziellen Gebrauch gestattet. Soweit die Inhalte auf dieser Seite nicht vom Betreiber erstellt wurden, werden die Urheberrechte Dritter beachtet. Insbesondere werden Inhalte Dritter als solche gekennzeichnet. Sollten Sie trotzdem auf eine Urheberrechtsverletzung aufmerksam werden, bitten wir um einen entsprechenden Hinweis. Bei Bekanntwerden von Rechtsverletzungen werden wir derartige Inhalte umgehend entfernen.<\/p><p><b>Datenschutz<\/b><br \/>Die Nutzung unserer Webseite ist in der Regel ohne Angabe personenbezogener Daten m\u00f6glich. Soweit auf unseren Seiten personenbezogene Daten (beispielsweise Name, Anschrift oder eMail-Adressen) erhoben werden, erfolgt dies, soweit m\u00f6glich, stets auf freiwilliger Basis. Diese Daten werden ohne Ihre ausdr\u00fcckliche Zustimmung nicht an Dritte weitergegeben.<\/p><p>Wir weisen darauf hin, dass die Daten\u00fcbertragung im Internet (z.B. bei der Kommunikation per E-Mail) Sicherheitsl\u00fccken aufweisen kann. Ein l\u00fcckenloser Schutz der Daten vor dem Zugriff durch Dritte ist nicht m\u00f6glich.<\/p><p>Der Nutzung von im Rahmen der Impressumspflicht ver\u00f6ffentlichten Kontaktdaten durch Dritte zur \u00dcbersendung von nicht ausdr\u00fccklich angeforderter Werbung und Informationsmaterialien wird hiermit ausdr\u00fccklich widersprochen. Die Betreiber der Seiten behalten sich ausdr\u00fccklich rechtliche Schritte im Falle der unverlangten Zusendung von Werbeinformationen, etwa durch Spam-Mails, vor.<\/p><p><strong>Quelle:<\/strong> Disclaimer und Impressum generiert von eRecht24.de (Rechtsanwalt S\u00f6ren Siebert)<\/p><\/div><\/div>\t\t\t\t\t\t\t\t<\/div>\n\t\t\t\t<\/div>\n\t\t\t\t\t<\/div>\n\t\t<\/div>\n\t\t\t\t\t<\/div>\n\t\t<\/section>\n\t\t\t\t<\/div>\n\t\t","protected":false},"excerpt":{"rendered":"<p>Impressum Seigerschmid \u2013 kabelov\u00e1 kompletace s.r.o. vertreten durch den Gesch\u00e4ftsf\u00fchrer Josef Wiesent Ostrov 33348 02 Bor u TachovaTschechien Tel: +420 374 627 484info@seigerschmid.cz I\u010cO: 25222376DI\u010c: CZ25222376 Verantwortlich f\u00fcr den Inhalt nach \u00a7 55 Abs. 2 RStV: Josef Wiesent (Adresse wie oben) \u00a0 Gestaltung der Webseite, Fotos und Text zweckdesign werbeagentur | fotografie | videoproduktionSebastianstra\u00dfe 1492224 [&hellip;]<\/p>\n","protected":false},"author":2,"featured_media":0,"parent":0,"menu_order":0,"comment_status":"closed","ping_status":"closed","template":"","meta":{"footnotes":""},"class_list":["post-65","page","type-page","status-publish","hentry"],"yoast_head":"<!-- This site is optimized with the Yoast SEO plugin v27.4 - https:\/\/yoast.com\/product\/yoast-seo-wordpress\/ -->\n<title>Impressum - Seigerschmid<\/title>\n<meta name=\"robots\" content=\"index, follow, max-snippet:-1, max-image-preview:large, max-video-preview:-1\" \/>\n<link rel=\"canonical\" href=\"https:\/\/seigerschmid.comline-elektronik.de\/de\/impressum\/\" \/>\n<meta property=\"og:locale\" content=\"de_DE\" \/>\n<meta property=\"og:type\" content=\"article\" \/>\n<meta property=\"og:title\" content=\"Impressum - Seigerschmid\" \/>\n<meta property=\"og:description\" content=\"Impressum Seigerschmid \u2013 kabelov\u00e1 kompletace s.r.o. vertreten durch den Gesch\u00e4ftsf\u00fchrer Josef Wiesent Ostrov 33348 02 Bor u TachovaTschechien Tel: +420 374 627 484info@seigerschmid.cz I\u010cO: 25222376DI\u010c: CZ25222376 Verantwortlich f\u00fcr den Inhalt nach \u00a7 55 Abs. 2 RStV: Josef Wiesent (Adresse wie oben) \u00a0 Gestaltung der Webseite, Fotos und Text zweckdesign werbeagentur | fotografie | videoproduktionSebastianstra\u00dfe 1492224 [&hellip;]\" \/>\n<meta property=\"og:url\" content=\"https:\/\/seigerschmid.comline-elektronik.de\/de\/impressum\/\" \/>\n<meta property=\"og:site_name\" content=\"Seigerschmid\" \/>\n<meta property=\"article:modified_time\" content=\"2022-11-17T15:54:31+00:00\" \/>\n<meta name=\"twitter:card\" content=\"summary_large_image\" \/>\n<meta name=\"twitter:label1\" content=\"Gesch\u00e4tzte Lesezeit\" \/>\n\t<meta name=\"twitter:data1\" content=\"3\u00a0Minuten\" \/>\n<script type=\"application\/ld+json\" class=\"yoast-schema-graph\">{\"@context\":\"https:\\\/\\\/schema.org\",\"@graph\":[{\"@type\":\"WebPage\",\"@id\":\"https:\\\/\\\/seigerschmid.comline-elektronik.de\\\/de\\\/impressum\\\/\",\"url\":\"https:\\\/\\\/seigerschmid.comline-elektronik.de\\\/de\\\/impressum\\\/\",\"name\":\"Impressum - Seigerschmid\",\"isPartOf\":{\"@id\":\"https:\\\/\\\/seigerschmid.comline-elektronik.de\\\/#website\"},\"datePublished\":\"2022-11-14T15:33:13+00:00\",\"dateModified\":\"2022-11-17T15:54:31+00:00\",\"breadcrumb\":{\"@id\":\"https:\\\/\\\/seigerschmid.comline-elektronik.de\\\/de\\\/impressum\\\/#breadcrumb\"},\"inLanguage\":\"de\",\"potentialAction\":[{\"@type\":\"ReadAction\",\"target\":[\"https:\\\/\\\/seigerschmid.comline-elektronik.de\\\/de\\\/impressum\\\/\"]}]},{\"@type\":\"BreadcrumbList\",\"@id\":\"https:\\\/\\\/seigerschmid.comline-elektronik.de\\\/de\\\/impressum\\\/#breadcrumb\",\"itemListElement\":[{\"@type\":\"ListItem\",\"position\":1,\"name\":\"Startseite\",\"item\":\"https:\\\/\\\/seigerschmid.comline-elektronik.de\\\/de\\\/\"},{\"@type\":\"ListItem\",\"position\":2,\"name\":\"Impressum\"}]},{\"@type\":\"WebSite\",\"@id\":\"https:\\\/\\\/seigerschmid.comline-elektronik.de\\\/#website\",\"url\":\"https:\\\/\\\/seigerschmid.comline-elektronik.de\\\/\",\"name\":\"Seigerschmid\",\"description\":\"Eine weitere Comline Elektronik Elektrotechnik Websites Website\",\"publisher\":{\"@id\":\"https:\\\/\\\/seigerschmid.comline-elektronik.de\\\/#organization\"},\"potentialAction\":[{\"@type\":\"SearchAction\",\"target\":{\"@type\":\"EntryPoint\",\"urlTemplate\":\"https:\\\/\\\/seigerschmid.comline-elektronik.de\\\/?s={search_term_string}\"},\"query-input\":{\"@type\":\"PropertyValueSpecification\",\"valueRequired\":true,\"valueName\":\"search_term_string\"}}],\"inLanguage\":\"de\"},{\"@type\":\"Organization\",\"@id\":\"https:\\\/\\\/seigerschmid.comline-elektronik.de\\\/#organization\",\"name\":\"Seigerschmid\",\"url\":\"https:\\\/\\\/seigerschmid.comline-elektronik.de\\\/\",\"logo\":{\"@type\":\"ImageObject\",\"inLanguage\":\"de\",\"@id\":\"https:\\\/\\\/seigerschmid.comline-elektronik.de\\\/#\\\/schema\\\/logo\\\/image\\\/\",\"url\":\"https:\\\/\\\/seigerschmid.comline-elektronik.de\\\/wp-content\\\/uploads\\\/sites\\\/4\\\/2022\\\/11\\\/Seigerschmid-Logo_zentriert.png\",\"contentUrl\":\"https:\\\/\\\/seigerschmid.comline-elektronik.de\\\/wp-content\\\/uploads\\\/sites\\\/4\\\/2022\\\/11\\\/Seigerschmid-Logo_zentriert.png\",\"width\":277,\"height\":75,\"caption\":\"Seigerschmid\"},\"image\":{\"@id\":\"https:\\\/\\\/seigerschmid.comline-elektronik.de\\\/#\\\/schema\\\/logo\\\/image\\\/\"}}]}<\/script>\n<!-- \/ Yoast SEO plugin. -->","yoast_head_json":{"title":"Impressum - Seigerschmid","robots":{"index":"index","follow":"follow","max-snippet":"max-snippet:-1","max-image-preview":"max-image-preview:large","max-video-preview":"max-video-preview:-1"},"canonical":"https:\/\/seigerschmid.comline-elektronik.de\/de\/impressum\/","og_locale":"de_DE","og_type":"article","og_title":"Impressum - Seigerschmid","og_description":"Impressum Seigerschmid \u2013 kabelov\u00e1 kompletace s.r.o. vertreten durch den Gesch\u00e4ftsf\u00fchrer Josef Wiesent Ostrov 33348 02 Bor u TachovaTschechien Tel: +420 374 627 484info@seigerschmid.cz I\u010cO: 25222376DI\u010c: CZ25222376 Verantwortlich f\u00fcr den Inhalt nach \u00a7 55 Abs. 2 RStV: Josef Wiesent (Adresse wie oben) \u00a0 Gestaltung der Webseite, Fotos und Text zweckdesign werbeagentur | fotografie | videoproduktionSebastianstra\u00dfe 1492224 [&hellip;]","og_url":"https:\/\/seigerschmid.comline-elektronik.de\/de\/impressum\/","og_site_name":"Seigerschmid","article_modified_time":"2022-11-17T15:54:31+00:00","twitter_card":"summary_large_image","twitter_misc":{"Gesch\u00e4tzte Lesezeit":"3\u00a0Minuten"},"schema":{"@context":"https:\/\/schema.org","@graph":[{"@type":"WebPage","@id":"https:\/\/seigerschmid.comline-elektronik.de\/de\/impressum\/","url":"https:\/\/seigerschmid.comline-elektronik.de\/de\/impressum\/","name":"Impressum - Seigerschmid","isPartOf":{"@id":"https:\/\/seigerschmid.comline-elektronik.de\/#website"},"datePublished":"2022-11-14T15:33:13+00:00","dateModified":"2022-11-17T15:54:31+00:00","breadcrumb":{"@id":"https:\/\/seigerschmid.comline-elektronik.de\/de\/impressum\/#breadcrumb"},"inLanguage":"de","potentialAction":[{"@type":"ReadAction","target":["https:\/\/seigerschmid.comline-elektronik.de\/de\/impressum\/"]}]},{"@type":"BreadcrumbList","@id":"https:\/\/seigerschmid.comline-elektronik.de\/de\/impressum\/#breadcrumb","itemListElement":[{"@type":"ListItem","position":1,"name":"Startseite","item":"https:\/\/seigerschmid.comline-elektronik.de\/de\/"},{"@type":"ListItem","position":2,"name":"Impressum"}]},{"@type":"WebSite","@id":"https:\/\/seigerschmid.comline-elektronik.de\/#website","url":"https:\/\/seigerschmid.comline-elektronik.de\/","name":"Seigerschmid","description":"Eine weitere Comline Elektronik Elektrotechnik Websites Website","publisher":{"@id":"https:\/\/seigerschmid.comline-elektronik.de\/#organization"},"potentialAction":[{"@type":"SearchAction","target":{"@type":"EntryPoint","urlTemplate":"https:\/\/seigerschmid.comline-elektronik.de\/?s={search_term_string}"},"query-input":{"@type":"PropertyValueSpecification","valueRequired":true,"valueName":"search_term_string"}}],"inLanguage":"de"},{"@type":"Organization","@id":"https:\/\/seigerschmid.comline-elektronik.de\/#organization","name":"Seigerschmid","url":"https:\/\/seigerschmid.comline-elektronik.de\/","logo":{"@type":"ImageObject","inLanguage":"de","@id":"https:\/\/seigerschmid.comline-elektronik.de\/#\/schema\/logo\/image\/","url":"https:\/\/seigerschmid.comline-elektronik.de\/wp-content\/uploads\/sites\/4\/2022\/11\/Seigerschmid-Logo_zentriert.png","contentUrl":"https:\/\/seigerschmid.comline-elektronik.de\/wp-content\/uploads\/sites\/4\/2022\/11\/Seigerschmid-Logo_zentriert.png","width":277,"height":75,"caption":"Seigerschmid"},"image":{"@id":"https:\/\/seigerschmid.comline-elektronik.de\/#\/schema\/logo\/image\/"}}]}},"_links":{"self":[{"href":"https:\/\/seigerschmid.comline-elektronik.de\/de\/wp-json\/wp\/v2\/pages\/65","targetHints":{"allow":["GET"]}}],"collection":[{"href":"https:\/\/seigerschmid.comline-elektronik.de\/de\/wp-json\/wp\/v2\/pages"}],"about":[{"href":"https:\/\/seigerschmid.comline-elektronik.de\/de\/wp-json\/wp\/v2\/types\/page"}],"author":[{"embeddable":true,"href":"https:\/\/seigerschmid.comline-elektronik.de\/de\/wp-json\/wp\/v2\/users\/2"}],"replies":[{"embeddable":true,"href":"https:\/\/seigerschmid.comline-elektronik.de\/de\/wp-json\/wp\/v2\/comments?post=65"}],"version-history":[{"count":10,"href":"https:\/\/seigerschmid.comline-elektronik.de\/de\/wp-json\/wp\/v2\/pages\/65\/revisions"}],"predecessor-version":[{"id":226,"href":"https:\/\/seigerschmid.comline-elektronik.de\/de\/wp-json\/wp\/v2\/pages\/65\/revisions\/226"}],"wp:attachment":[{"href":"https:\/\/seigerschmid.comline-elektronik.de\/de\/wp-json\/wp\/v2\/media?parent=65"}],"curies":[{"name":"wp","href":"https:\/\/api.w.org\/{rel}","templated":true}]}}